{"id":1270,"date":"2024-12-17T15:18:37","date_gmt":"2024-12-17T15:18:37","guid":{"rendered":"https:\/\/alluitzabokatuak.rkinformatika.online\/mi-cuenta\/"},"modified":"2024-12-20T15:19:08","modified_gmt":"2024-12-20T15:19:08","slug":"mi-cuenta","status":"publish","type":"page","link":"https:\/\/alluitzabokatuak.com\/eu\/mi-cuenta\/","title":{"rendered":"Mi cuenta"},"content":{"rendered":"<div data-elementor-type=\"wp-page\" data-elementor-id=\"1270\" class=\"elementor elementor-1270\" data-elementor-post-type=\"page\">\n\t\t\t\t<div class=\"elementor-element elementor-element-524cdbf4 e-con-full e-flex e-con e-parent\" data-id=\"524cdbf4\" data-element_type=\"container\" data-e-type=\"container\" data-settings=\"{&quot;background_background&quot;:&quot;classic&quot;}\">\n\t\t\t\t<div class=\"elementor-element elementor-element-fac3bcc e-my-account-tabs-vertical elementor-widget elementor-widget-woocommerce-my-account\" data-id=\"fac3bcc\" data-element_type=\"widget\" data-e-type=\"widget\" data-widget_type=\"woocommerce-my-account.default\">\n\t\t\t\t<div class=\"elementor-widget-container\">\n\t\t\t\t\t<div class=\"e-my-account-tab e-my-account-tab__\">\t\t\t<div class=\"woocommerce\"><div class=\"woocommerce-notices-wrapper\"><\/div>\n\n\t\t<h2 data-no-translation=\"\" data-trp-gettext=\"\">Saioa hasi<\/h2>\n\n\t\t<form class=\"woocommerce-form woocommerce-form-login login\" method=\"post\" novalidate action=\"\">\n\n\t\t\t\n\t\t\t<p class=\"woocommerce-form-row woocommerce-form-row--wide form-row form-row-wide\">\n\t\t\t\t<label for=\"username\">Erabiltzaile-izena edo posta-elektronikoa&nbsp;<span class=\"required\" aria-hidden=\"true\">*<\/span><span class=\"screen-reader-text\" data-no-translation=\"\" data-trp-gettext=\"\">Beharrezkoa<\/span><\/label>\n\t\t\t\t<input type=\"text\" class=\"woocommerce-Input woocommerce-Input--text input-text\" name=\"username\" id=\"username\" autocomplete=\"username\" value=\"\" required aria-required=\"true\" \/>\t\t\t<\/p>\n\t\t\t<p class=\"woocommerce-form-row woocommerce-form-row--wide form-row form-row-wide\">\n\t\t\t\t<label for=\"password\">Pasahitza&nbsp;<span class=\"required\" aria-hidden=\"true\">*<\/span><span class=\"screen-reader-text\" data-no-translation=\"\" data-trp-gettext=\"\">Beharrezkoa<\/span><\/label>\n\t\t\t\t<input class=\"woocommerce-Input woocommerce-Input--text input-text\" type=\"password\" name=\"password\" id=\"password\" autocomplete=\"current-password\" required aria-required=\"true\" \/>\n\t\t\t<\/p>\n\n\t\t\t\n\t\t\t<p class=\"form-row\">\n\t\t\t\t<label class=\"woocommerce-form__label woocommerce-form__label-for-checkbox woocommerce-form-login__rememberme\">\n\t\t\t\t\t<input class=\"woocommerce-form__input woocommerce-form__input-checkbox\" name=\"rememberme\" type=\"checkbox\" id=\"rememberme\" value=\"forever\" \/> <span data-no-translation=\"\" data-trp-gettext=\"\">Gogora nazazu<\/span>\n\t\t\t\t<\/label>\n\t\t\t\t<input type=\"hidden\" id=\"woocommerce-login-nonce\" name=\"woocommerce-login-nonce\" value=\"fb4984a077\" \/><input type=\"hidden\" name=\"_wp_http_referer\" value=\"\/eu\/wp-json\/wp\/v2\/pages\/1270\" \/>\t\t\t\t<button type=\"submit\" class=\"woocommerce-button button woocommerce-form-login__submit\" name=\"login\" value=\"Saioa hasi\" data-no-translation=\"\" data-trp-gettext=\"\" data-no-translation-value=\"\">Saioa hasi<\/button>\n\t\t\t<\/p>\n\t\t\t<p class=\"woocommerce-LostPassword lost_password\">\n\t\t\t\t<a href=\"https:\/\/alluitzabokatuak.com\/eu\/mi-cuenta\/lost-password\/\" data-no-translation=\"\" data-trp-gettext=\"\">Pasahitza ahaztu zaizu?<\/a>\n\t\t\t<\/p>\n\n\t\t\t\n\t\t<input type=\"hidden\" name=\"trp-form-language\" value=\"eu\"\/><\/form>\n\n\n<\/div>\t\t<\/div>\n\t\t\t\t\t\t<\/div>\n\t\t\t\t<\/div>\n\t\t\t\t<\/div>\n\t\t\t\t<\/div>","protected":false},"excerpt":{"rendered":"<p>Escritorio Pedidos Descargas Direcciones Detalles de la cuenta Cerrar sesi\u00f3n Hola admin (\u00bfno eres admin? Cerrar sesi\u00f3n) Desde el escritorio de tu cuenta puedes ver tus pedidos recientes, gestionar tus direcciones de env\u00edo y facturaci\u00f3n y editar tu contrase\u00f1a y los detalles de tu cuenta.<\/p>","protected":false},"author":1,"featured_media":0,"parent":0,"menu_order":0,"comment_status":"closed","ping_status":"closed","template":"","meta":{"footnotes":""},"class_list":["post-1270","page","type-page","status-publish","hentry"],"yoast_head":"<!-- This site is optimized with the Yoast SEO plugin v27.4 - https:\/\/yoast.com\/product\/yoast-seo-wordpress\/ -->\n<title>Mi cuenta - Alluitz Abokatuak<\/title>\n<meta name=\"robots\" content=\"index, follow, max-snippet:-1, max-image-preview:large, max-video-preview:-1\" \/>\n<link rel=\"canonical\" href=\"https:\/\/alluitzabokatuak.com\/eu\/mi-cuenta\/\" \/>\n<meta property=\"og:locale\" content=\"en_US\" \/>\n<meta property=\"og:type\" content=\"article\" \/>\n<meta property=\"og:title\" content=\"Mi cuenta - Alluitz Abokatuak\" \/>\n<meta property=\"og:description\" content=\"Escritorio Pedidos Descargas Direcciones Detalles de la cuenta Cerrar sesi\u00f3n Hola admin (\u00bfno eres admin? Cerrar sesi\u00f3n) Desde el escritorio de tu cuenta puedes ver tus pedidos recientes, gestionar tus direcciones de env\u00edo y facturaci\u00f3n y editar tu contrase\u00f1a y los detalles de tu cuenta.\" \/>\n<meta property=\"og:url\" content=\"https:\/\/alluitzabokatuak.com\/eu\/mi-cuenta\/\" \/>\n<meta property=\"og:site_name\" content=\"Alluitz Abokatuak\" \/>\n<meta property=\"article:modified_time\" content=\"2024-12-20T15:19:08+00:00\" \/>\n<meta name=\"twitter:card\" content=\"summary_large_image\" \/>\n<meta name=\"twitter:label1\" content=\"Est. reading time\" \/>\n\t<meta name=\"twitter:data1\" content=\"1 minutua\" \/>\n<script type=\"application\/ld+json\" class=\"yoast-schema-graph\">{\"@context\":\"https:\\\/\\\/schema.org\",\"@graph\":[{\"@type\":\"WebPage\",\"@id\":\"https:\\\/\\\/alluitzabokatuak.com\\\/mi-cuenta\\\/\",\"url\":\"https:\\\/\\\/alluitzabokatuak.com\\\/mi-cuenta\\\/\",\"name\":\"Mi cuenta - Alluitz Abokatuak\",\"isPartOf\":{\"@id\":\"https:\\\/\\\/alluitzabokatuak.com\\\/#website\"},\"datePublished\":\"2024-12-17T15:18:37+00:00\",\"dateModified\":\"2024-12-20T15:19:08+00:00\",\"breadcrumb\":{\"@id\":\"https:\\\/\\\/alluitzabokatuak.com\\\/mi-cuenta\\\/#breadcrumb\"},\"inLanguage\":\"eu\",\"potentialAction\":[{\"@type\":\"ReadAction\",\"target\":[\"https:\\\/\\\/alluitzabokatuak.com\\\/mi-cuenta\\\/\"]}]},{\"@type\":\"BreadcrumbList\",\"@id\":\"https:\\\/\\\/alluitzabokatuak.com\\\/mi-cuenta\\\/#breadcrumb\",\"itemListElement\":[{\"@type\":\"ListItem\",\"position\":1,\"name\":\"Portada\",\"item\":\"https:\\\/\\\/alluitzabokatuak.com\\\/\"},{\"@type\":\"ListItem\",\"position\":2,\"name\":\"Mi cuenta\"}]},{\"@type\":\"WebSite\",\"@id\":\"https:\\\/\\\/alluitzabokatuak.com\\\/#website\",\"url\":\"https:\\\/\\\/alluitzabokatuak.com\\\/\",\"name\":\"Alluitz Abokatuak\",\"description\":\"\",\"publisher\":{\"@id\":\"https:\\\/\\\/alluitzabokatuak.com\\\/#organization\"},\"potentialAction\":[{\"@type\":\"SearchAction\",\"target\":{\"@type\":\"EntryPoint\",\"urlTemplate\":\"https:\\\/\\\/alluitzabokatuak.com\\\/?s={search_term_string}\"},\"query-input\":{\"@type\":\"PropertyValueSpecification\",\"valueRequired\":true,\"valueName\":\"search_term_string\"}}],\"inLanguage\":\"eu\"},{\"@type\":\"Organization\",\"@id\":\"https:\\\/\\\/alluitzabokatuak.com\\\/#organization\",\"name\":\"Alluitz Abokatuak\",\"url\":\"https:\\\/\\\/alluitzabokatuak.com\\\/\",\"logo\":{\"@type\":\"ImageObject\",\"inLanguage\":\"eu\",\"@id\":\"https:\\\/\\\/alluitzabokatuak.com\\\/#\\\/schema\\\/logo\\\/image\\\/\",\"url\":\"https:\\\/\\\/alluitzabokatuak.com\\\/wp-content\\\/uploads\\\/2023\\\/11\\\/Captura-de-pantalla-2015-04-24-a-las-14.06.06-Raul-Hernandez.png\",\"contentUrl\":\"https:\\\/\\\/alluitzabokatuak.com\\\/wp-content\\\/uploads\\\/2023\\\/11\\\/Captura-de-pantalla-2015-04-24-a-las-14.06.06-Raul-Hernandez.png\",\"width\":1629,\"height\":468,\"caption\":\"Alluitz Abokatuak\"},\"image\":{\"@id\":\"https:\\\/\\\/alluitzabokatuak.com\\\/#\\\/schema\\\/logo\\\/image\\\/\"}}]}<\/script>\n<!-- \/ Yoast SEO plugin. -->","yoast_head_json":{"title":"Mi cuenta - Alluitz Abokatuak","robots":{"index":"index","follow":"follow","max-snippet":"max-snippet:-1","max-image-preview":"max-image-preview:large","max-video-preview":"max-video-preview:-1"},"canonical":"https:\/\/alluitzabokatuak.com\/eu\/mi-cuenta\/","og_locale":"en_US","og_type":"article","og_title":"Mi cuenta - Alluitz Abokatuak","og_description":"Escritorio Pedidos Descargas Direcciones Detalles de la cuenta Cerrar sesi\u00f3n Hola admin (\u00bfno eres admin? Cerrar sesi\u00f3n) Desde el escritorio de tu cuenta puedes ver tus pedidos recientes, gestionar tus direcciones de env\u00edo y facturaci\u00f3n y editar tu contrase\u00f1a y los detalles de tu cuenta.","og_url":"https:\/\/alluitzabokatuak.com\/eu\/mi-cuenta\/","og_site_name":"Alluitz Abokatuak","article_modified_time":"2024-12-20T15:19:08+00:00","twitter_card":"summary_large_image","twitter_misc":{"Est. reading time":"1 minutua"},"schema":{"@context":"https:\/\/schema.org","@graph":[{"@type":"WebPage","@id":"https:\/\/alluitzabokatuak.com\/mi-cuenta\/","url":"https:\/\/alluitzabokatuak.com\/mi-cuenta\/","name":"Mi cuenta - Alluitz Abokatuak","isPartOf":{"@id":"https:\/\/alluitzabokatuak.com\/#website"},"datePublished":"2024-12-17T15:18:37+00:00","dateModified":"2024-12-20T15:19:08+00:00","breadcrumb":{"@id":"https:\/\/alluitzabokatuak.com\/mi-cuenta\/#breadcrumb"},"inLanguage":"eu","potentialAction":[{"@type":"ReadAction","target":["https:\/\/alluitzabokatuak.com\/mi-cuenta\/"]}]},{"@type":"BreadcrumbList","@id":"https:\/\/alluitzabokatuak.com\/mi-cuenta\/#breadcrumb","itemListElement":[{"@type":"ListItem","position":1,"name":"Portada","item":"https:\/\/alluitzabokatuak.com\/"},{"@type":"ListItem","position":2,"name":"Mi cuenta"}]},{"@type":"WebSite","@id":"https:\/\/alluitzabokatuak.com\/#website","url":"https:\/\/alluitzabokatuak.com\/","name":"Alluitz Abokatuak","description":"","publisher":{"@id":"https:\/\/alluitzabokatuak.com\/#organization"},"potentialAction":[{"@type":"SearchAction","target":{"@type":"EntryPoint","urlTemplate":"https:\/\/alluitzabokatuak.com\/?s={search_term_string}"},"query-input":{"@type":"PropertyValueSpecification","valueRequired":true,"valueName":"search_term_string"}}],"inLanguage":"eu"},{"@type":"Organization","@id":"https:\/\/alluitzabokatuak.com\/#organization","name":"Alluitz Abokatuak","url":"https:\/\/alluitzabokatuak.com\/","logo":{"@type":"ImageObject","inLanguage":"eu","@id":"https:\/\/alluitzabokatuak.com\/#\/schema\/logo\/image\/","url":"https:\/\/alluitzabokatuak.com\/wp-content\/uploads\/2023\/11\/Captura-de-pantalla-2015-04-24-a-las-14.06.06-Raul-Hernandez.png","contentUrl":"https:\/\/alluitzabokatuak.com\/wp-content\/uploads\/2023\/11\/Captura-de-pantalla-2015-04-24-a-las-14.06.06-Raul-Hernandez.png","width":1629,"height":468,"caption":"Alluitz Abokatuak"},"image":{"@id":"https:\/\/alluitzabokatuak.com\/#\/schema\/logo\/image\/"}}]}},"_links":{"self":[{"href":"https:\/\/alluitzabokatuak.com\/eu\/wp-json\/wp\/v2\/pages\/1270","targetHints":{"allow":["GET"]}}],"collection":[{"href":"https:\/\/alluitzabokatuak.com\/eu\/wp-json\/wp\/v2\/pages"}],"about":[{"href":"https:\/\/alluitzabokatuak.com\/eu\/wp-json\/wp\/v2\/types\/page"}],"author":[{"embeddable":true,"href":"https:\/\/alluitzabokatuak.com\/eu\/wp-json\/wp\/v2\/users\/1"}],"replies":[{"embeddable":true,"href":"https:\/\/alluitzabokatuak.com\/eu\/wp-json\/wp\/v2\/comments?post=1270"}],"version-history":[{"count":96,"href":"https:\/\/alluitzabokatuak.com\/eu\/wp-json\/wp\/v2\/pages\/1270\/revisions"}],"predecessor-version":[{"id":2530,"href":"https:\/\/alluitzabokatuak.com\/eu\/wp-json\/wp\/v2\/pages\/1270\/revisions\/2530"}],"wp:attachment":[{"href":"https:\/\/alluitzabokatuak.com\/eu\/wp-json\/wp\/v2\/media?parent=1270"}],"curies":[{"name":"wp","href":"https:\/\/api.w.org\/{rel}","templated":true}]}}