{"id":2584,"date":"2025-01-02T10:02:38","date_gmt":"2025-01-02T10:02:38","guid":{"rendered":"https:\/\/alluitzabokatuak.rkinformatika.online\/?page_id=2584"},"modified":"2025-01-02T10:10:35","modified_gmt":"2025-01-02T10:10:35","slug":"politica-de-envio","status":"publish","type":"page","link":"https:\/\/alluitzabokatuak.com\/eu\/politica-de-envio\/","title":{"rendered":"Bidalketa-politika"},"content":{"rendered":"<div data-elementor-type=\"wp-page\" data-elementor-id=\"2584\" class=\"elementor elementor-2584\" data-elementor-post-type=\"page\">\n\t\t\t\t<div class=\"elementor-element elementor-element-5804e402 e-con-full e-flex e-con e-parent\" data-id=\"5804e402\" data-element_type=\"container\" data-e-type=\"container\">\n\t\t\t\t<div class=\"elementor-element elementor-element-19851d8a elementor-widget elementor-widget-text-editor\" data-id=\"19851d8a\" data-element_type=\"widget\" data-e-type=\"widget\" data-widget_type=\"text-editor.default\">\n\t\t\t\t<div class=\"elementor-widget-container\">\n\t\t\t\t\t\t\t\t\t<h1 class=\"western\" align=\"justify\"><strong><b>Pol\u00edtica de env\u00edo<\/b><\/strong><\/h1>\n<p><strong>\u00bfCu\u00e1ndo ser\u00e1 procesado mi pedido?<\/strong><\/p>\n<p>Todos los pedidos se manejan y se env\u00edan desde nuestra tienda en <b>Zumalakarregi Kalea, 6, 48200 Durango, Bizkaia<\/b>. Por favor, espere un tiempo adicional para que su pedido sea procesado durante las vacaciones y las temporadas de rebajas. Procesamos pedidos de lunes a viernes. Los pedidos se procesar\u00e1n dentro de 3-5 d\u00edas h\u00e1biles a partir de la fecha del pedido y se enviar\u00e1n al d\u00eda siguiente despu\u00e9s del d\u00eda de procesamiento. Tenga en cuenta que no enviamos los fines de semana.\u00a0<\/p>\n<p><strong>\u00bfCu\u00e1nto tiempo llevar\u00e1 recibir mi pedido?<\/strong><\/p>\n<p>Una vez que realice su pedido, espere de 3 a 5 d\u00edas h\u00e1biles para procesar sus pedidos.<\/p>\t\t\t\t\t\t\t\t<\/div>\n\t\t\t\t<\/div>\n\t\t\t\t<\/div>\n\t\t\t\t<\/div>","protected":false},"excerpt":{"rendered":"<p>Pol\u00edtica de env\u00edo \u00bfCu\u00e1ndo ser\u00e1 procesado mi pedido? Todos los pedidos se manejan y se env\u00edan desde nuestra tienda en Zumalakarregi Kalea, 6, 48200 Durango, Bizkaia. Por favor, espere un tiempo adicional para que su pedido sea procesado durante las vacaciones y las temporadas de rebajas. Procesamos pedidos de lunes a viernes. Los pedidos se [&hellip;]<\/p>\n","protected":false},"author":1,"featured_media":7,"parent":0,"menu_order":0,"comment_status":"closed","ping_status":"closed","template":"elementor_canvas","meta":{"footnotes":""},"class_list":["post-2584","page","type-page","status-publish","has-post-thumbnail","hentry"],"yoast_head":"<!-- This site is optimized with the Yoast SEO plugin v27.4 - https:\/\/yoast.com\/product\/yoast-seo-wordpress\/ -->\n<title>Politica de Envio - Alluitz Abokatuak<\/title>\n<meta name=\"robots\" content=\"index, follow, max-snippet:-1, max-image-preview:large, max-video-preview:-1\" \/>\n<link rel=\"canonical\" href=\"https:\/\/alluitzabokatuak.com\/eu\/politica-de-envio\/\" \/>\n<meta property=\"og:locale\" content=\"en_US\" \/>\n<meta property=\"og:type\" content=\"article\" \/>\n<meta property=\"og:title\" content=\"Politica de Envio - Alluitz Abokatuak\" \/>\n<meta property=\"og:description\" content=\"Pol\u00edtica de env\u00edo \u00bfCu\u00e1ndo ser\u00e1 procesado mi pedido? Todos los pedidos se manejan y se env\u00edan desde nuestra tienda en Zumalakarregi Kalea, 6, 48200 Durango, Bizkaia. Por favor, espere un tiempo adicional para que su pedido sea procesado durante las vacaciones y las temporadas de rebajas. Procesamos pedidos de lunes a viernes. Los pedidos se [&hellip;]\" \/>\n<meta property=\"og:url\" content=\"https:\/\/alluitzabokatuak.com\/eu\/politica-de-envio\/\" \/>\n<meta property=\"og:site_name\" content=\"Alluitz Abokatuak\" \/>\n<meta property=\"article:modified_time\" content=\"2025-01-02T10:10:35+00:00\" \/>\n<meta property=\"og:image\" content=\"https:\/\/alluitzabokatuak.com\/wp-content\/uploads\/2023\/11\/Captura-de-pantalla-2015-04-24-a-las-14.06.06-Raul-Hernandez.png\" \/>\n\t<meta property=\"og:image:width\" content=\"1629\" \/>\n\t<meta property=\"og:image:height\" content=\"468\" \/>\n\t<meta property=\"og:image:type\" content=\"image\/png\" \/>\n<meta name=\"twitter:card\" content=\"summary_large_image\" \/>\n<meta name=\"twitter:label1\" content=\"Est. reading time\" \/>\n\t<meta name=\"twitter:data1\" content=\"1 minutua\" \/>\n<script type=\"application\/ld+json\" class=\"yoast-schema-graph\">{\"@context\":\"https:\\\/\\\/schema.org\",\"@graph\":[{\"@type\":\"WebPage\",\"@id\":\"https:\\\/\\\/alluitzabokatuak.com\\\/politica-de-envio\\\/\",\"url\":\"https:\\\/\\\/alluitzabokatuak.com\\\/politica-de-envio\\\/\",\"name\":\"Politica de Envio - Alluitz Abokatuak\",\"isPartOf\":{\"@id\":\"https:\\\/\\\/alluitzabokatuak.com\\\/#website\"},\"primaryImageOfPage\":{\"@id\":\"https:\\\/\\\/alluitzabokatuak.com\\\/politica-de-envio\\\/#primaryimage\"},\"image\":{\"@id\":\"https:\\\/\\\/alluitzabokatuak.com\\\/politica-de-envio\\\/#primaryimage\"},\"thumbnailUrl\":\"https:\\\/\\\/alluitzabokatuak.com\\\/wp-content\\\/uploads\\\/2023\\\/11\\\/Captura-de-pantalla-2015-04-24-a-las-14.06.06-Raul-Hernandez.png\",\"datePublished\":\"2025-01-02T10:02:38+00:00\",\"dateModified\":\"2025-01-02T10:10:35+00:00\",\"breadcrumb\":{\"@id\":\"https:\\\/\\\/alluitzabokatuak.com\\\/politica-de-envio\\\/#breadcrumb\"},\"inLanguage\":\"eu\",\"potentialAction\":[{\"@type\":\"ReadAction\",\"target\":[\"https:\\\/\\\/alluitzabokatuak.com\\\/politica-de-envio\\\/\"]}]},{\"@type\":\"ImageObject\",\"inLanguage\":\"eu\",\"@id\":\"https:\\\/\\\/alluitzabokatuak.com\\\/politica-de-envio\\\/#primaryimage\",\"url\":\"https:\\\/\\\/alluitzabokatuak.com\\\/wp-content\\\/uploads\\\/2023\\\/11\\\/Captura-de-pantalla-2015-04-24-a-las-14.06.06-Raul-Hernandez.png\",\"contentUrl\":\"https:\\\/\\\/alluitzabokatuak.com\\\/wp-content\\\/uploads\\\/2023\\\/11\\\/Captura-de-pantalla-2015-04-24-a-las-14.06.06-Raul-Hernandez.png\",\"width\":1629,\"height\":468},{\"@type\":\"BreadcrumbList\",\"@id\":\"https:\\\/\\\/alluitzabokatuak.com\\\/politica-de-envio\\\/#breadcrumb\",\"itemListElement\":[{\"@type\":\"ListItem\",\"position\":1,\"name\":\"Portada\",\"item\":\"https:\\\/\\\/alluitzabokatuak.com\\\/\"},{\"@type\":\"ListItem\",\"position\":2,\"name\":\"Politica de Envio\"}]},{\"@type\":\"WebSite\",\"@id\":\"https:\\\/\\\/alluitzabokatuak.com\\\/#website\",\"url\":\"https:\\\/\\\/alluitzabokatuak.com\\\/\",\"name\":\"Alluitz Abokatuak\",\"description\":\"\",\"publisher\":{\"@id\":\"https:\\\/\\\/alluitzabokatuak.com\\\/#organization\"},\"potentialAction\":[{\"@type\":\"SearchAction\",\"target\":{\"@type\":\"EntryPoint\",\"urlTemplate\":\"https:\\\/\\\/alluitzabokatuak.com\\\/?s={search_term_string}\"},\"query-input\":{\"@type\":\"PropertyValueSpecification\",\"valueRequired\":true,\"valueName\":\"search_term_string\"}}],\"inLanguage\":\"eu\"},{\"@type\":\"Organization\",\"@id\":\"https:\\\/\\\/alluitzabokatuak.com\\\/#organization\",\"name\":\"Alluitz Abokatuak\",\"url\":\"https:\\\/\\\/alluitzabokatuak.com\\\/\",\"logo\":{\"@type\":\"ImageObject\",\"inLanguage\":\"eu\",\"@id\":\"https:\\\/\\\/alluitzabokatuak.com\\\/#\\\/schema\\\/logo\\\/image\\\/\",\"url\":\"https:\\\/\\\/alluitzabokatuak.com\\\/wp-content\\\/uploads\\\/2023\\\/11\\\/Captura-de-pantalla-2015-04-24-a-las-14.06.06-Raul-Hernandez.png\",\"contentUrl\":\"https:\\\/\\\/alluitzabokatuak.com\\\/wp-content\\\/uploads\\\/2023\\\/11\\\/Captura-de-pantalla-2015-04-24-a-las-14.06.06-Raul-Hernandez.png\",\"width\":1629,\"height\":468,\"caption\":\"Alluitz Abokatuak\"},\"image\":{\"@id\":\"https:\\\/\\\/alluitzabokatuak.com\\\/#\\\/schema\\\/logo\\\/image\\\/\"}}]}<\/script>\n<!-- \/ Yoast SEO plugin. -->","yoast_head_json":{"title":"Politica de Envio - Alluitz Abokatuak","robots":{"index":"index","follow":"follow","max-snippet":"max-snippet:-1","max-image-preview":"max-image-preview:large","max-video-preview":"max-video-preview:-1"},"canonical":"https:\/\/alluitzabokatuak.com\/eu\/politica-de-envio\/","og_locale":"en_US","og_type":"article","og_title":"Politica de Envio - Alluitz Abokatuak","og_description":"Pol\u00edtica de env\u00edo \u00bfCu\u00e1ndo ser\u00e1 procesado mi pedido? Todos los pedidos se manejan y se env\u00edan desde nuestra tienda en Zumalakarregi Kalea, 6, 48200 Durango, Bizkaia. Por favor, espere un tiempo adicional para que su pedido sea procesado durante las vacaciones y las temporadas de rebajas. Procesamos pedidos de lunes a viernes. Los pedidos se [&hellip;]","og_url":"https:\/\/alluitzabokatuak.com\/eu\/politica-de-envio\/","og_site_name":"Alluitz Abokatuak","article_modified_time":"2025-01-02T10:10:35+00:00","og_image":[{"width":1629,"height":468,"url":"https:\/\/alluitzabokatuak.com\/wp-content\/uploads\/2023\/11\/Captura-de-pantalla-2015-04-24-a-las-14.06.06-Raul-Hernandez.png","type":"image\/png"}],"twitter_card":"summary_large_image","twitter_misc":{"Est. reading time":"1 minutua"},"schema":{"@context":"https:\/\/schema.org","@graph":[{"@type":"WebPage","@id":"https:\/\/alluitzabokatuak.com\/politica-de-envio\/","url":"https:\/\/alluitzabokatuak.com\/politica-de-envio\/","name":"Politica de Envio - Alluitz Abokatuak","isPartOf":{"@id":"https:\/\/alluitzabokatuak.com\/#website"},"primaryImageOfPage":{"@id":"https:\/\/alluitzabokatuak.com\/politica-de-envio\/#primaryimage"},"image":{"@id":"https:\/\/alluitzabokatuak.com\/politica-de-envio\/#primaryimage"},"thumbnailUrl":"https:\/\/alluitzabokatuak.com\/wp-content\/uploads\/2023\/11\/Captura-de-pantalla-2015-04-24-a-las-14.06.06-Raul-Hernandez.png","datePublished":"2025-01-02T10:02:38+00:00","dateModified":"2025-01-02T10:10:35+00:00","breadcrumb":{"@id":"https:\/\/alluitzabokatuak.com\/politica-de-envio\/#breadcrumb"},"inLanguage":"eu","potentialAction":[{"@type":"ReadAction","target":["https:\/\/alluitzabokatuak.com\/politica-de-envio\/"]}]},{"@type":"ImageObject","inLanguage":"eu","@id":"https:\/\/alluitzabokatuak.com\/politica-de-envio\/#primaryimage","url":"https:\/\/alluitzabokatuak.com\/wp-content\/uploads\/2023\/11\/Captura-de-pantalla-2015-04-24-a-las-14.06.06-Raul-Hernandez.png","contentUrl":"https:\/\/alluitzabokatuak.com\/wp-content\/uploads\/2023\/11\/Captura-de-pantalla-2015-04-24-a-las-14.06.06-Raul-Hernandez.png","width":1629,"height":468},{"@type":"BreadcrumbList","@id":"https:\/\/alluitzabokatuak.com\/politica-de-envio\/#breadcrumb","itemListElement":[{"@type":"ListItem","position":1,"name":"Portada","item":"https:\/\/alluitzabokatuak.com\/"},{"@type":"ListItem","position":2,"name":"Politica de Envio"}]},{"@type":"WebSite","@id":"https:\/\/alluitzabokatuak.com\/#website","url":"https:\/\/alluitzabokatuak.com\/","name":"Alluitz Abokatuak","description":"","publisher":{"@id":"https:\/\/alluitzabokatuak.com\/#organization"},"potentialAction":[{"@type":"SearchAction","target":{"@type":"EntryPoint","urlTemplate":"https:\/\/alluitzabokatuak.com\/?s={search_term_string}"},"query-input":{"@type":"PropertyValueSpecification","valueRequired":true,"valueName":"search_term_string"}}],"inLanguage":"eu"},{"@type":"Organization","@id":"https:\/\/alluitzabokatuak.com\/#organization","name":"Alluitz Abokatuak","url":"https:\/\/alluitzabokatuak.com\/","logo":{"@type":"ImageObject","inLanguage":"eu","@id":"https:\/\/alluitzabokatuak.com\/#\/schema\/logo\/image\/","url":"https:\/\/alluitzabokatuak.com\/wp-content\/uploads\/2023\/11\/Captura-de-pantalla-2015-04-24-a-las-14.06.06-Raul-Hernandez.png","contentUrl":"https:\/\/alluitzabokatuak.com\/wp-content\/uploads\/2023\/11\/Captura-de-pantalla-2015-04-24-a-las-14.06.06-Raul-Hernandez.png","width":1629,"height":468,"caption":"Alluitz Abokatuak"},"image":{"@id":"https:\/\/alluitzabokatuak.com\/#\/schema\/logo\/image\/"}}]}},"_links":{"self":[{"href":"https:\/\/alluitzabokatuak.com\/eu\/wp-json\/wp\/v2\/pages\/2584","targetHints":{"allow":["GET"]}}],"collection":[{"href":"https:\/\/alluitzabokatuak.com\/eu\/wp-json\/wp\/v2\/pages"}],"about":[{"href":"https:\/\/alluitzabokatuak.com\/eu\/wp-json\/wp\/v2\/types\/page"}],"author":[{"embeddable":true,"href":"https:\/\/alluitzabokatuak.com\/eu\/wp-json\/wp\/v2\/users\/1"}],"replies":[{"embeddable":true,"href":"https:\/\/alluitzabokatuak.com\/eu\/wp-json\/wp\/v2\/comments?post=2584"}],"version-history":[{"count":7,"href":"https:\/\/alluitzabokatuak.com\/eu\/wp-json\/wp\/v2\/pages\/2584\/revisions"}],"predecessor-version":[{"id":2607,"href":"https:\/\/alluitzabokatuak.com\/eu\/wp-json\/wp\/v2\/pages\/2584\/revisions\/2607"}],"wp:featuredmedia":[{"embeddable":true,"href":"https:\/\/alluitzabokatuak.com\/eu\/wp-json\/wp\/v2\/media\/7"}],"wp:attachment":[{"href":"https:\/\/alluitzabokatuak.com\/eu\/wp-json\/wp\/v2\/media?parent=2584"}],"curies":[{"name":"wp","href":"https:\/\/api.w.org\/{rel}","templated":true}]}}